{"id":158,"date":"2021-03-24T20:04:40","date_gmt":"2021-03-24T19:04:40","guid":{"rendered":"https:\/\/www.edeqec.sk\/?page_id=158"},"modified":"2025-07-03T17:56:38","modified_gmt":"2025-07-03T15:56:38","slug":"projekty","status":"publish","type":"page","link":"https:\/\/www.edeqec.sk\/en\/projekty\/","title":{"rendered":"Projects"},"content":{"rendered":"<p class=\"has-text-color\" style=\"color:#b93f68\"><strong>Current Projects:<\/strong><\/p>\n\n\n\n<h2 class=\"wp-block-heading\"><strong><a href=\"https:\/\/www.edeqec.sk\/en\/projekty\/art_for_impact\/\" target=\"_blank\" rel=\"noreferrer noopener\">INCLUSIVE YOUTH: ART FOR IMPACT<\/a><\/strong><\/h2>\n\n\n\n<h2 class=\"wp-block-heading has-text-color\" style=\"color:#b93f68;text-transform:uppercase\"><strong><a href=\"https:\/\/www.edeqec.sk\/en\/projekty\/zabudnute-pribehy-zien-rozne-aspekty-starostlivosti-v-obdobi-slovenskeho-statu-1939-1945\/\" target=\"_blank\" rel=\"noreferrer noopener\">FORGOTTEN HERSTORIES: ADDRESSING VARIOUS ASPECTS OF CARE IN THE SLOVAK STATE (1939-1945)<\/a><\/strong><\/h2>\n\n\n\n<p class=\"has-white-color has-text-color\">___<\/p>\n\n\n\n<p class=\"has-text-color\" style=\"color:#b93f68\"><strong>Past Projects:<\/strong><\/p>\n\n\n\n<h2 class=\"wp-block-heading\"><strong><a href=\"https:\/\/www.edeqec.sk\/en\/projekty\/ludskopravne-hry-aktivna-mladez-riesi-sucasne-problemy-v-oblasti-ludskych-prav-v-regione-v4\/\" target=\"_blank\" rel=\"noreferrer noopener\">HUMAN RIGHTS GAMES: ACTIVE YOUTH ADDRESSING THE CURRENT HUMAN RIGHTS STRUGGLES IN V4+ REGION<\/a><\/strong><\/h2>\n\n\n\n<h2 class=\"wp-block-heading has-text-color\" style=\"color:#b93f68;text-transform:none\"><strong><a href=\"https:\/\/www.edeqec.sk\/en\/projekty\/pocuvat-deti-hojenie-pomocou-pribehov-a-umenia\/?preview=true&amp;_thumbnail_id=556\" target=\"_blank\" rel=\"noreferrer noopener\">HEAR THE CHILDREN: HEALING THROUGH STORIES AND ART<\/a><\/strong><\/h2>\n\n\n\n<h2 class=\"wp-block-heading has-text-color\" style=\"color:#b93f68\"><strong><a href=\"https:\/\/www.edeqec.sk\/en\/projekty\/kde-by-sa-partizanky-a-partizani-skryli-dnes\/\" target=\"_blank\" rel=\"noreferrer noopener\">WHERE WOULD THE ANTI-FASCISTS INSURGENTS HIDE TODAY?<\/a><\/strong><\/h2>\n\n\n\n<h2 class=\"wp-block-heading has-text-color\" style=\"color:#b93f68\"><a href=\"https:\/\/www.edeqec.sk\/en\/projekty\/taking-action-against-sexist-hate-speech\/\" target=\"_blank\" rel=\"noreferrer noopener\"><strong>TAKING ACTION AGAINST SEXIST HATE SPEECH<\/strong><\/a><\/h2>","protected":false},"excerpt":{"rendered":"<p>Aktu\u00e1lne projekty: INCLUSIVE YOUTH: ART FOR IMPACT ZABUDNUT\u00c9 PR\u00cdBEHY \u017dIEN: R\u00f4ZNE ASPEKTY STAROSTLIVOSTI V OBDOB\u00cd SLOVENSK\u00c9HO \u0160T\u00c1TU (1939-1945) ___ Minul\u00e9 projekty: \u013dUDSKOPR\u00c1VNE HRY: AKT\u00cdVNA ML\u00c1DE\u017d RIE\u0160I S\u00da\u010cASN\u00c9 PROBL\u00c9MY V OBLASTI \u013dUDSK\u00ddCH PR\u00c1V V REGI\u00d3NE V4+ PO\u010c\u00daVA\u0164 DETI: HOJENIE POMOCOU PR\u00cdBEHOV A UMENIA KDE BY SA PARTIZ\u00c1NKY A PARTIZ\u00c1NI SKRYLI DNES? TAKING ACTION AGAINST SEXIST HATE SPEECH<\/p>","protected":false},"author":1,"featured_media":0,"parent":0,"menu_order":0,"comment_status":"closed","ping_status":"closed","template":"","meta":[],"yoast_head":"<!-- This site is optimized with the Yoast SEO plugin v20.8 - https:\/\/yoast.com\/wordpress\/plugins\/seo\/ -->\n<title>Projekty - Education for Equality and Ecology - EDEQEC<\/title>\n<meta name=\"description\" content=\"V sekcii &quot;Projekty&quot; n\u00e1jdete preh\u013ead na\u0161ich aktu\u00e1lnych i minul\u00fdch projektov. Zaujal v\u00e1s niektor\u00fd z nich? Zapojte sa!\" \/>\n<meta name=\"robots\" content=\"index, follow, max-snippet:-1, max-image-preview:large, max-video-preview:-1\" \/>\n<link rel=\"canonical\" href=\"https:\/\/www.edeqec.sk\/en\/projekty\/\" \/>\n<meta property=\"og:locale\" content=\"en_GB\" \/>\n<meta property=\"og:type\" content=\"article\" \/>\n<meta property=\"og:title\" content=\"Projekty - Education for Equality and Ecology - EDEQEC\" \/>\n<meta property=\"og:description\" content=\"V sekcii &quot;Projekty&quot; n\u00e1jdete preh\u013ead na\u0161ich aktu\u00e1lnych i minul\u00fdch projektov. Zaujal v\u00e1s niektor\u00fd z nich? Zapojte sa!\" \/>\n<meta property=\"og:url\" content=\"https:\/\/www.edeqec.sk\/en\/projekty\/\" \/>\n<meta property=\"og:site_name\" content=\"Education for Equality and Ecology - EDEQEC\" \/>\n<meta property=\"article:publisher\" content=\"https:\/\/www.facebook.com\/edeqec\" \/>\n<meta property=\"article:modified_time\" content=\"2025-07-03T15:56:38+00:00\" \/>\n<meta name=\"twitter:card\" content=\"summary_large_image\" \/>\n<meta name=\"twitter:label1\" content=\"Estimated reading time\" \/>\n\t<meta name=\"twitter:data1\" content=\"1 minute\" \/>\n<script type=\"application\/ld+json\" class=\"yoast-schema-graph\">{\"@context\":\"https:\/\/schema.org\",\"@graph\":[{\"@type\":\"WebPage\",\"@id\":\"https:\/\/www.edeqec.sk\/projekty\/\",\"url\":\"https:\/\/www.edeqec.sk\/projekty\/\",\"name\":\"Projekty - Education for Equality and Ecology - EDEQEC\",\"isPartOf\":{\"@id\":\"https:\/\/www.edeqec.sk\/#website\"},\"datePublished\":\"2021-03-24T19:04:40+00:00\",\"dateModified\":\"2025-07-03T15:56:38+00:00\",\"description\":\"V sekcii \\\"Projekty\\\" n\u00e1jdete preh\u013ead na\u0161ich aktu\u00e1lnych i minul\u00fdch projektov. Zaujal v\u00e1s niektor\u00fd z nich? Zapojte sa!\",\"breadcrumb\":{\"@id\":\"https:\/\/www.edeqec.sk\/projekty\/#breadcrumb\"},\"inLanguage\":\"en-GB\",\"potentialAction\":[{\"@type\":\"ReadAction\",\"target\":[\"https:\/\/www.edeqec.sk\/projekty\/\"]}]},{\"@type\":\"BreadcrumbList\",\"@id\":\"https:\/\/www.edeqec.sk\/projekty\/#breadcrumb\",\"itemListElement\":[{\"@type\":\"ListItem\",\"position\":1,\"name\":\"Home\",\"item\":\"https:\/\/www.edeqec.sk\/\"},{\"@type\":\"ListItem\",\"position\":2,\"name\":\"Projekty\"}]},{\"@type\":\"WebSite\",\"@id\":\"https:\/\/www.edeqec.sk\/#website\",\"url\":\"https:\/\/www.edeqec.sk\/\",\"name\":\"Education for Equality and Ecology - EDEQEC\",\"description\":\"\",\"potentialAction\":[{\"@type\":\"SearchAction\",\"target\":{\"@type\":\"EntryPoint\",\"urlTemplate\":\"https:\/\/www.edeqec.sk\/?s={search_term_string}\"},\"query-input\":\"required name=search_term_string\"}],\"inLanguage\":\"en-GB\"}]}<\/script>\n<!-- \/ Yoast SEO plugin. -->","yoast_head_json":{"title":"Projekty - Education for Equality and Ecology - EDEQEC","description":"V sekcii \"Projekty\" n\u00e1jdete preh\u013ead na\u0161ich aktu\u00e1lnych i minul\u00fdch projektov. Zaujal v\u00e1s niektor\u00fd z nich? Zapojte sa!","robots":{"index":"index","follow":"follow","max-snippet":"max-snippet:-1","max-image-preview":"max-image-preview:large","max-video-preview":"max-video-preview:-1"},"canonical":"https:\/\/www.edeqec.sk\/en\/projekty\/","og_locale":"en_GB","og_type":"article","og_title":"Projekty - Education for Equality and Ecology - EDEQEC","og_description":"V sekcii \"Projekty\" n\u00e1jdete preh\u013ead na\u0161ich aktu\u00e1lnych i minul\u00fdch projektov. Zaujal v\u00e1s niektor\u00fd z nich? Zapojte sa!","og_url":"https:\/\/www.edeqec.sk\/en\/projekty\/","og_site_name":"Education for Equality and Ecology - EDEQEC","article_publisher":"https:\/\/www.facebook.com\/edeqec","article_modified_time":"2025-07-03T15:56:38+00:00","twitter_card":"summary_large_image","twitter_misc":{"Estimated reading time":"1 minute"},"schema":{"@context":"https:\/\/schema.org","@graph":[{"@type":"WebPage","@id":"https:\/\/www.edeqec.sk\/projekty\/","url":"https:\/\/www.edeqec.sk\/projekty\/","name":"Projekty - Education for Equality and Ecology - EDEQEC","isPartOf":{"@id":"https:\/\/www.edeqec.sk\/#website"},"datePublished":"2021-03-24T19:04:40+00:00","dateModified":"2025-07-03T15:56:38+00:00","description":"V sekcii \"Projekty\" n\u00e1jdete preh\u013ead na\u0161ich aktu\u00e1lnych i minul\u00fdch projektov. Zaujal v\u00e1s niektor\u00fd z nich? Zapojte sa!","breadcrumb":{"@id":"https:\/\/www.edeqec.sk\/projekty\/#breadcrumb"},"inLanguage":"en-GB","potentialAction":[{"@type":"ReadAction","target":["https:\/\/www.edeqec.sk\/projekty\/"]}]},{"@type":"BreadcrumbList","@id":"https:\/\/www.edeqec.sk\/projekty\/#breadcrumb","itemListElement":[{"@type":"ListItem","position":1,"name":"Home","item":"https:\/\/www.edeqec.sk\/"},{"@type":"ListItem","position":2,"name":"Projekty"}]},{"@type":"WebSite","@id":"https:\/\/www.edeqec.sk\/#website","url":"https:\/\/www.edeqec.sk\/","name":"Education for Equality and Ecology - EDEQEC","description":"","potentialAction":[{"@type":"SearchAction","target":{"@type":"EntryPoint","urlTemplate":"https:\/\/www.edeqec.sk\/?s={search_term_string}"},"query-input":"required name=search_term_string"}],"inLanguage":"en-GB"}]}},"_links":{"self":[{"href":"https:\/\/www.edeqec.sk\/en\/wp-json\/wp\/v2\/pages\/158"}],"collection":[{"href":"https:\/\/www.edeqec.sk\/en\/wp-json\/wp\/v2\/pages"}],"about":[{"href":"https:\/\/www.edeqec.sk\/en\/wp-json\/wp\/v2\/types\/page"}],"author":[{"embeddable":true,"href":"https:\/\/www.edeqec.sk\/en\/wp-json\/wp\/v2\/users\/1"}],"replies":[{"embeddable":true,"href":"https:\/\/www.edeqec.sk\/en\/wp-json\/wp\/v2\/comments?post=158"}],"version-history":[{"count":6,"href":"https:\/\/www.edeqec.sk\/en\/wp-json\/wp\/v2\/pages\/158\/revisions"}],"predecessor-version":[{"id":742,"href":"https:\/\/www.edeqec.sk\/en\/wp-json\/wp\/v2\/pages\/158\/revisions\/742"}],"wp:attachment":[{"href":"https:\/\/www.edeqec.sk\/en\/wp-json\/wp\/v2\/media?parent=158"}],"curies":[{"name":"wp","href":"https:\/\/api.w.org\/{rel}","templated":true}]}}