{"id":732,"date":"2025-07-03T17:46:00","date_gmt":"2025-07-03T15:46:00","guid":{"rendered":"https:\/\/www.edeqec.sk\/?page_id=732"},"modified":"2025-07-07T22:12:50","modified_gmt":"2025-07-07T20:12:50","slug":"art_for_impact","status":"publish","type":"page","link":"https:\/\/www.edeqec.sk\/en\/projekty\/art_for_impact\/","title":{"rendered":"INCLUSIVE YOUTH: ART FOR IMPACT"},"content":{"rendered":"<h1 class=\"wp-block-heading\"><strong><mark style=\"background-color:rgba(0, 0, 0, 0);color:#b93f68\" class=\"has-inline-color\">INCLUSIVE YOUTH: ART FOR IMPACT<\/mark><\/strong><\/h1>\n\n\n\n<hr class=\"wp-block-separator has-alpha-channel-opacity is-style-dots\"\/>\n\n\n\n<p><strong><mark style=\"background-color:rgba(0, 0, 0, 0);color:#b93f68\" class=\"has-inline-color\">Lead organisation:<\/mark><\/strong> <em><strong>Humanity in Action Bosnia and Herzegovina<\/strong><\/em> (Bosna a Hercegovina)<\/p>\n\n\n\n<p><strong><mark style=\"background-color:rgba(0, 0, 0, 0);color:#b93f68\" class=\"has-inline-color\">Partner organisations:<\/mark><\/strong> <em><strong>Education for Equality and Ecology - Edeqec<\/strong><\/em> (Slovensk\u00e1 republika), <em><strong>Nesehnut\u00ed<\/strong><\/em> (\u010cesk\u00e1 republika), <em><strong>Humanity in Action Poland<\/strong><\/em> (Po\u013esko)<\/p>\n\n\n\n<p><strong><mark style=\"background-color:rgba(0, 0, 0, 0);color:#b93f68\" class=\"has-inline-color\">Donor:<\/mark><\/strong> <strong><em>Medzin\u00e1rodn\u00fd vy\u0161ehradsk\u00fd fond<\/em><\/strong><\/p>\n\n\n\n<p><strong><mark style=\"background-color:rgba(0, 0, 0, 0);color:#b93f68\" class=\"has-inline-color\">Implementation period:<\/mark><\/strong> <strong>06\/2025 &#8211; 06\/2026<\/strong><\/p>\n\n\n\n<hr class=\"wp-block-separator has-alpha-channel-opacity\"\/>\n\n\n\n<hr class=\"wp-block-separator has-alpha-channel-opacity is-style-dots\"\/>\n\n\n\n<p><em>Posil\u0148ujeme postavenie mlad\u00fdch \u013eud\u00ed formou artivizmu a neform\u00e1lneho vzdel\u00e1vania o \u013eudsk\u00fdch pr\u00e1vach, podporujeme inkl\u00faziu a rozmanitos\u0165.<\/em><\/p>\n\n\n\n<h1 class=\"wp-block-heading\"><mark style=\"background-color:rgba(0, 0, 0, 0);color:#b93f68\" class=\"has-inline-color\"><strong>Aim of the project<\/strong><\/mark><\/h1>\n\n\n\n<p>V projekte sa zameriavame na posilnenie vedomost\u00ed a zru\u010dnost\u00ed mlad\u00fdch \u013eud\u00ed v krajin\u00e1ch V4 a Bosny a Hercegoviny v oblasti \u013eudsk\u00fdch pr\u00e1v, inkl\u00fazie, posilnenia postavenia \u017eien, men\u0161\u00edn a zranite\u013en\u00fdch skup\u00edn. Prostredn\u00edctvom kombin\u00e1cie umeleck\u00fdch met\u00f3d, neform\u00e1lneho vzdel\u00e1vania a advok\u00e1cie projekt prispieva a in\u0161piruje k soci\u00e1lnej zmene, ktor\u00fa spoluvytv\u00e1raj\u00fa mlad\u00ed \u013eudia, a podporuje kult\u00faru rozmanitosti a akcept\u00e1cie.<\/p>\n\n\n\n<p>\u00da\u010dastn\u00edctvo sa zapoj\u00ed do intenz\u00edvnej vzdel\u00e1vacej akad\u00e9mie, bude rozv\u00edja\u0165 svoje vlastn\u00e9 artivistick\u00e9 projekty pod odborn\u00fdm veden\u00edm a realizova\u0165 komunitn\u00e9 iniciat\u00edvy. Sk\u00fasenosti a pou\u017eit\u00e9 met\u00f3dy bud\u00fa publikovan\u00e9 v z\u00e1vere\u010dnej publik\u00e1cii, ktor\u00e1 poskytne s\u00fabor n\u00e1strojov pre artivistick\u00e9 iniciat\u00edvy v regi\u00f3ne.<\/p>\n\n\n\n<hr class=\"wp-block-separator has-alpha-channel-opacity is-style-dots\"\/>\n\n\n\n<h1 class=\"wp-block-heading\"><mark style=\"background-color:rgba(0, 0, 0, 0);color:#b93f68\" class=\"has-inline-color\"><strong>Main project activities<\/strong><\/mark><\/h1>\n\n\n\n<p>V projekte realizujeme tieto aktivity:<\/p>\n\n\n\n<ol>\n<li><strong>Artivistick\u00fd workshop v Sarajeve<\/strong> pre mlad\u00fdch \u013eud\u00edch zo \u0161tyroch kraj\u00edn kombinuj\u00faci vzdel\u00e1vanie o \u013eudsk\u00fdch pr\u00e1vach s r\u00f4znymi umeleck\u00fdmi met\u00f3dami. <\/li>\n\n\n\n<li><strong>Online artivistick\u00e1 akad\u00e9mia<\/strong>, po\u010das ktorej \u00fa\u010dastn\u00edctvo a mentorstvo rozv\u00edjaj\u00fa skupinov\u00e9 artivistick\u00e9 projekty;<\/li>\n\n\n\n<li><strong>Artivistick\u00e9 &#8222;peer-to-peer&#8220; vzdel\u00e1vanie<\/strong>, po\u010das ktor\u00e9ho \u00fa\u010dastn\u00edctvo zorganizuje vlastn\u00e9 verejn\u00e9 udalosti vo svojich komunit\u00e1ch;<\/li>\n\n\n\n<li><strong>Tvorba z\u00e1vere\u010dnej publik\u00e1cie s artivistick\u00fdmi met\u00f3dami, sk\u00fasenos\u0165ami a z\u00edskan\u00fdmi poznatkami<\/strong> po\u010das projektu s cie\u013eom in\u0161pirova\u0165 bud\u00face iniciat\u00edvy v regi\u00f3ne.<\/li>\n<\/ol>\n\n\n\n<p><strong>Viac inform\u00e1ci\u00ed <\/strong>o projekte n\u00e1jdete <a href=\"https:\/\/humanityinaction.org\/inclusive-youth-art-for-impact\/\" target=\"_blank\" rel=\"noreferrer noopener\"><strong>tu<\/strong><\/a>.<\/p>\n\n\n\n<hr class=\"wp-block-separator has-alpha-channel-opacity is-style-dots\"\/>\n\n\n\n<p><em>Projekt &#8222;Inclusive Youth: Art for Impact&#8220; realizuje organiz\u00e1cia <a href=\"https:\/\/humanityinaction.org\/country\/bosnia-herzegovina\/\" target=\"_blank\" rel=\"noreferrer noopener\">Humanity in Action Bosnia and Herzegovina<\/a> (BaH) v partnerstve s organiz\u00e1ciami <em><a href=\"https:\/\/www.facebook.com\/edeqec?__cft__[0]=AZWuIVnmoHQmc2GUp80VTtlF6GS0sKxWj3OuBYx4ose7HO4o4GKQKsjC3Z8TRmXI1LJNKUGWz5-xcNeLaCp4exQY_eq1SmOYbmfr6AiAZ29lFnDLH9QkifNoKD5FMFsetTbSn1Yz6YAnBC9mqK-045-HW7MVFXVIpIWMM8ZQBMBLsBL35g2dk3BVMKTQbJ3iLQHccJgJfaqRF_HQTbbdeYJNKQzGFYvi5OrstX3hdzubPDVtz0HN3-uUsQF2r6Epn7g&amp;__tn__=-]K-R\" target=\"_blank\" rel=\"noreferrer noopener\">Education for Equality and Ecology - Edeqec<\/a> (SK)<\/em><\/em>,<em> <a href=\"https:\/\/nesehnuti.cz\" target=\"_blank\" rel=\"noreferrer noopener\">Nesehnut\u00ed<\/a> (CZ), <a href=\"https:\/\/humanityinaction.org\/country\/poland\/\" target=\"_blank\" rel=\"noreferrer noopener\">Humanity in Action Poland<\/a> (PL) a s finan\u010dnou podporou <a href=\"https:\/\/www.visegradfund.org\" target=\"_blank\" rel=\"noreferrer noopener\">Medzin\u00e1rodn\u00e9ho vy\u0161ehradsk\u00e9ho fondu<\/a>.<\/em><\/p>","protected":false},"excerpt":{"rendered":"<p>INCLUSIVE YOUTH: ART FOR IMPACT Ved\u00faca organiz\u00e1cia: Humanity in Action Bosnia and Herzegovina (Bosna a Hercegovina) Partnersk\u00e9 organiz\u00e1cie: Education for Equality and Ecology &#8211; Edeqec (Slovensk\u00e1 republika), Nesehnut\u00ed (\u010cesk\u00e1 republika), Humanity in Action Poland (Po\u013esko) Donor: Medzin\u00e1rodn\u00fd vy\u0161ehradsk\u00fd fond Obdobie realiz\u00e1cie: 06\/2025 &#8211; 06\/2026 Posil\u0148ujeme postavenie mlad\u00fdch \u013eud\u00ed formou artivizmu a neform\u00e1lneho vzdel\u00e1vania o \u013eudsk\u00fdch pr\u00e1vach, podporujeme inkl\u00faziu a rozmanitos\u0165. Cie\u013e projektu V projekte sa zameriavame na posilnenie vedomost\u00ed a<\/p>\n<div class=\"belowpost\">\n<div class=\"postdate\">03\/07\/2025<\/div>\n<div><a class=\"more-link\" href=\"https:\/\/www.edeqec.sk\/en\/projekty\/art_for_impact\/\">Read More<\/a><\/div>\n<\/p><\/div>","protected":false},"author":1,"featured_media":0,"parent":158,"menu_order":0,"comment_status":"closed","ping_status":"closed","template":"","meta":[],"yoast_head":"<!-- This site is optimized with the Yoast SEO plugin v20.8 - https:\/\/yoast.com\/wordpress\/plugins\/seo\/ -->\n<title>INCLUSIVE YOUTH: ART FOR IMPACT - Education for Equality and Ecology - EDEQEC<\/title>\n<meta name=\"description\" content=\"Posil\u0148ujeme postavenie mlad\u00fdch \u013eud\u00ed formou artivizmu a neform\u00e1lneho vzdel\u00e1vania o \u013eudsk\u00fdch pr\u00e1vach, podporujeme inkl\u00faziu a rozmanitos\u0165.\" \/>\n<meta name=\"robots\" content=\"index, follow, max-snippet:-1, max-image-preview:large, max-video-preview:-1\" \/>\n<link rel=\"canonical\" href=\"https:\/\/www.edeqec.sk\/en\/projekty\/art_for_impact\/\" \/>\n<meta property=\"og:locale\" content=\"en_GB\" \/>\n<meta property=\"og:type\" content=\"article\" \/>\n<meta property=\"og:title\" content=\"INCLUSIVE YOUTH: ART FOR IMPACT - Education for Equality and Ecology - EDEQEC\" \/>\n<meta property=\"og:description\" content=\"Posil\u0148ujeme postavenie mlad\u00fdch \u013eud\u00ed formou artivizmu a neform\u00e1lneho vzdel\u00e1vania o \u013eudsk\u00fdch pr\u00e1vach, podporujeme inkl\u00faziu a rozmanitos\u0165.\" \/>\n<meta property=\"og:url\" content=\"https:\/\/www.edeqec.sk\/en\/projekty\/art_for_impact\/\" \/>\n<meta property=\"og:site_name\" content=\"Education for Equality and Ecology - EDEQEC\" \/>\n<meta property=\"article:publisher\" content=\"https:\/\/www.facebook.com\/edeqec\" \/>\n<meta property=\"article:modified_time\" content=\"2025-07-07T20:12:50+00:00\" \/>\n<meta name=\"twitter:card\" content=\"summary_large_image\" \/>\n<meta name=\"twitter:label1\" content=\"Estimated reading time\" \/>\n\t<meta name=\"twitter:data1\" content=\"2 minutes\" \/>\n<script type=\"application\/ld+json\" class=\"yoast-schema-graph\">{\"@context\":\"https:\/\/schema.org\",\"@graph\":[{\"@type\":\"WebPage\",\"@id\":\"https:\/\/www.edeqec.sk\/projekty\/art_for_impact\/\",\"url\":\"https:\/\/www.edeqec.sk\/projekty\/art_for_impact\/\",\"name\":\"INCLUSIVE YOUTH: ART FOR IMPACT - Education for Equality and Ecology - EDEQEC\",\"isPartOf\":{\"@id\":\"https:\/\/www.edeqec.sk\/#website\"},\"datePublished\":\"2025-07-03T15:46:00+00:00\",\"dateModified\":\"2025-07-07T20:12:50+00:00\",\"description\":\"Posil\u0148ujeme postavenie mlad\u00fdch \u013eud\u00ed formou artivizmu a neform\u00e1lneho vzdel\u00e1vania o \u013eudsk\u00fdch pr\u00e1vach, podporujeme inkl\u00faziu a rozmanitos\u0165.\",\"breadcrumb\":{\"@id\":\"https:\/\/www.edeqec.sk\/projekty\/art_for_impact\/#breadcrumb\"},\"inLanguage\":\"en-GB\",\"potentialAction\":[{\"@type\":\"ReadAction\",\"target\":[\"https:\/\/www.edeqec.sk\/projekty\/art_for_impact\/\"]}]},{\"@type\":\"BreadcrumbList\",\"@id\":\"https:\/\/www.edeqec.sk\/projekty\/art_for_impact\/#breadcrumb\",\"itemListElement\":[{\"@type\":\"ListItem\",\"position\":1,\"name\":\"Home\",\"item\":\"https:\/\/www.edeqec.sk\/\"},{\"@type\":\"ListItem\",\"position\":2,\"name\":\"Projekty\",\"item\":\"https:\/\/www.edeqec.sk\/projekty\/\"},{\"@type\":\"ListItem\",\"position\":3,\"name\":\"INCLUSIVE YOUTH: ART FOR IMPACT\"}]},{\"@type\":\"WebSite\",\"@id\":\"https:\/\/www.edeqec.sk\/#website\",\"url\":\"https:\/\/www.edeqec.sk\/\",\"name\":\"Education for Equality and Ecology - EDEQEC\",\"description\":\"\",\"potentialAction\":[{\"@type\":\"SearchAction\",\"target\":{\"@type\":\"EntryPoint\",\"urlTemplate\":\"https:\/\/www.edeqec.sk\/?s={search_term_string}\"},\"query-input\":\"required name=search_term_string\"}],\"inLanguage\":\"en-GB\"}]}<\/script>\n<!-- \/ Yoast SEO plugin. -->","yoast_head_json":{"title":"INCLUSIVE YOUTH: ART FOR IMPACT - Education for Equality and Ecology - EDEQEC","description":"Posil\u0148ujeme postavenie mlad\u00fdch \u013eud\u00ed formou artivizmu a neform\u00e1lneho vzdel\u00e1vania o \u013eudsk\u00fdch pr\u00e1vach, podporujeme inkl\u00faziu a rozmanitos\u0165.","robots":{"index":"index","follow":"follow","max-snippet":"max-snippet:-1","max-image-preview":"max-image-preview:large","max-video-preview":"max-video-preview:-1"},"canonical":"https:\/\/www.edeqec.sk\/en\/projekty\/art_for_impact\/","og_locale":"en_GB","og_type":"article","og_title":"INCLUSIVE YOUTH: ART FOR IMPACT - Education for Equality and Ecology - EDEQEC","og_description":"Posil\u0148ujeme postavenie mlad\u00fdch \u013eud\u00ed formou artivizmu a neform\u00e1lneho vzdel\u00e1vania o \u013eudsk\u00fdch pr\u00e1vach, podporujeme inkl\u00faziu a rozmanitos\u0165.","og_url":"https:\/\/www.edeqec.sk\/en\/projekty\/art_for_impact\/","og_site_name":"Education for Equality and Ecology - EDEQEC","article_publisher":"https:\/\/www.facebook.com\/edeqec","article_modified_time":"2025-07-07T20:12:50+00:00","twitter_card":"summary_large_image","twitter_misc":{"Estimated reading time":"2 minutes"},"schema":{"@context":"https:\/\/schema.org","@graph":[{"@type":"WebPage","@id":"https:\/\/www.edeqec.sk\/projekty\/art_for_impact\/","url":"https:\/\/www.edeqec.sk\/projekty\/art_for_impact\/","name":"INCLUSIVE YOUTH: ART FOR IMPACT - Education for Equality and Ecology - EDEQEC","isPartOf":{"@id":"https:\/\/www.edeqec.sk\/#website"},"datePublished":"2025-07-03T15:46:00+00:00","dateModified":"2025-07-07T20:12:50+00:00","description":"Posil\u0148ujeme postavenie mlad\u00fdch \u013eud\u00ed formou artivizmu a neform\u00e1lneho vzdel\u00e1vania o \u013eudsk\u00fdch pr\u00e1vach, podporujeme inkl\u00faziu a rozmanitos\u0165.","breadcrumb":{"@id":"https:\/\/www.edeqec.sk\/projekty\/art_for_impact\/#breadcrumb"},"inLanguage":"en-GB","potentialAction":[{"@type":"ReadAction","target":["https:\/\/www.edeqec.sk\/projekty\/art_for_impact\/"]}]},{"@type":"BreadcrumbList","@id":"https:\/\/www.edeqec.sk\/projekty\/art_for_impact\/#breadcrumb","itemListElement":[{"@type":"ListItem","position":1,"name":"Home","item":"https:\/\/www.edeqec.sk\/"},{"@type":"ListItem","position":2,"name":"Projekty","item":"https:\/\/www.edeqec.sk\/projekty\/"},{"@type":"ListItem","position":3,"name":"INCLUSIVE YOUTH: ART FOR IMPACT"}]},{"@type":"WebSite","@id":"https:\/\/www.edeqec.sk\/#website","url":"https:\/\/www.edeqec.sk\/","name":"Education for Equality and Ecology - EDEQEC","description":"","potentialAction":[{"@type":"SearchAction","target":{"@type":"EntryPoint","urlTemplate":"https:\/\/www.edeqec.sk\/?s={search_term_string}"},"query-input":"required name=search_term_string"}],"inLanguage":"en-GB"}]}},"_links":{"self":[{"href":"https:\/\/www.edeqec.sk\/en\/wp-json\/wp\/v2\/pages\/732"}],"collection":[{"href":"https:\/\/www.edeqec.sk\/en\/wp-json\/wp\/v2\/pages"}],"about":[{"href":"https:\/\/www.edeqec.sk\/en\/wp-json\/wp\/v2\/types\/page"}],"author":[{"embeddable":true,"href":"https:\/\/www.edeqec.sk\/en\/wp-json\/wp\/v2\/users\/1"}],"replies":[{"embeddable":true,"href":"https:\/\/www.edeqec.sk\/en\/wp-json\/wp\/v2\/comments?post=732"}],"version-history":[{"count":5,"href":"https:\/\/www.edeqec.sk\/en\/wp-json\/wp\/v2\/pages\/732\/revisions"}],"predecessor-version":[{"id":749,"href":"https:\/\/www.edeqec.sk\/en\/wp-json\/wp\/v2\/pages\/732\/revisions\/749"}],"up":[{"embeddable":true,"href":"https:\/\/www.edeqec.sk\/en\/wp-json\/wp\/v2\/pages\/158"}],"wp:attachment":[{"href":"https:\/\/www.edeqec.sk\/en\/wp-json\/wp\/v2\/media?parent=732"}],"curies":[{"name":"wp","href":"https:\/\/api.w.org\/{rel}","templated":true}]}}